{"id":235,"date":"2017-09-03T20:34:48","date_gmt":"2017-09-03T18:34:48","guid":{"rendered":"http:\/\/www.scorelauf.cz\/?page_id=235"},"modified":"2021-05-13T20:52:34","modified_gmt":"2021-05-13T18:52:34","slug":"vysledky-2015","status":"publish","type":"page","link":"https:\/\/www.scorelauf.cz\/index.php\/vysledky-2015\/","title":{"rendered":"V\u00fdsledky 2015"},"content":{"rendered":"<p>[vc_row css=&#8220;.vc_custom_1606500620697{margin-top: -150px !important;}&#8220;][vc_column][vc_column_text]\n\t\t\t<!-- START Scorelauf REVOLUTION SLIDER 6.4.11 --><p class=\"rs-p-wp-fix\"><\/p>\n\t\t\t<rs-module-wrap id=\"rev_slider_1_1_wrapper\" data-source=\"gallery\" style=\"background:transparent;padding:0;margin:0px auto;margin-top:0;margin-bottom:0;\">\n\t\t\t\t<rs-module id=\"rev_slider_1_1\" style=\"\" data-version=\"6.4.11\">\n\t\t\t\t\t<rs-slides>\n\t\t\t\t\t\t<rs-slide data-key=\"rs-1\" data-title=\"Slide\" data-in=\"o:0;\" data-out=\"a:false;\">\n\t\t\t\t\t\t\t<img decoding=\"async\" src=\"\/\/www.scorelauf.cz\/wp-content\/plugins\/revslider\/public\/assets\/assets\/transparent.png\" alt=\"Slide\" title=\"V\u00fdsledky 2015\" class=\"rev-slidebg tp-rs-img\" data-bg=\"c:#0c0c0c;\" data-no-retina>\n<!--\n\t\t\t\t\t\t\t--><rs-layer\n\t\t\t\t\t\t\t\tid=\"slider-1-slide-1-layer-0\" \n\t\t\t\t\t\t\t\tdata-type=\"image\"\n\t\t\t\t\t\t\t\tdata-rsp_ch=\"on\"\n\t\t\t\t\t\t\t\tdata-xy=\"x:c;y:c;\"\n\t\t\t\t\t\t\t\tdata-text=\"w:normal;\"\n\t\t\t\t\t\t\t\tdata-dim=\"w:961.9354838709677px;h:282px;minw:1px;minh:1px;\"\n\t\t\t\t\t\t\t\tdata-padding=\"t:1;r:1;b:1;l:1;\"\n\t\t\t\t\t\t\t\tdata-frame_999=\"o:0;st:w;\"\n\t\t\t\t\t\t\t\tstyle=\"z-index:5;\"\n\t\t\t\t\t\t\t><img loading=\"lazy\" decoding=\"async\" src=\"\/\/www.scorelauf.cz\/wp-content\/uploads\/2024\/03\/Baner-Net-Scorelauf-3Da.png\" class=\"tp-rs-img\" width=\"2982\" height=\"825\" data-no-retina> \n\t\t\t\t\t\t\t<\/rs-layer><!--\n-->\t\t\t\t\t\t<\/rs-slide>\n\t\t\t\t\t<\/rs-slides>\n\t\t\t\t<\/rs-module>\n\t\t\t\t<script type=\"text\/javascript\">\n\t\t\t\t\tsetREVStartSize({c: 'rev_slider_1_1',rl:[1240,1024,778,480],el:[350],gw:[1240],gh:[350],type:'hero',justify:'',layout:'fullwidth',mh:\"0\"});\n\t\t\t\t\tvar\trevapi1,\n\t\t\t\t\t\ttpj;\n\t\t\t\t\tfunction revinit_revslider11() {\n\t\t\t\t\tjQuery(function() {\n\t\t\t\t\t\ttpj = jQuery;\n\t\t\t\t\t\trevapi1 = tpj(\"#rev_slider_1_1\");\n\t\t\t\t\t\tif(revapi1==undefined || revapi1.revolution == undefined){\n\t\t\t\t\t\t\trevslider_showDoubleJqueryError(\"rev_slider_1_1\");\n\t\t\t\t\t\t}else{\n\t\t\t\t\t\t\trevapi1.revolution({\n\t\t\t\t\t\t\t\tsliderType:\"hero\",\n\t\t\t\t\t\t\t\tDPR:\"dpr\",\n\t\t\t\t\t\t\t\tsliderLayout:\"fullwidth\",\n\t\t\t\t\t\t\t\tvisibilityLevels:\"1240,1024,778,480\",\n\t\t\t\t\t\t\t\tgridwidth:1240,\n\t\t\t\t\t\t\t\tgridheight:350,\n\t\t\t\t\t\t\t\tspinner:\"spinner0\",\n\t\t\t\t\t\t\t\tperspective:600,\n\t\t\t\t\t\t\t\tperspectiveType:\"local\",\n\t\t\t\t\t\t\t\teditorheight:\"350,768,960,720\",\n\t\t\t\t\t\t\t\tresponsiveLevels:\"1240,1024,778,480\",\n\t\t\t\t\t\t\t\tprogressBar:{disableProgressBar:true},\n\t\t\t\t\t\t\t\tnavigation: {\n\t\t\t\t\t\t\t\t\tonHoverStop:false\n\t\t\t\t\t\t\t\t},\n\t\t\t\t\t\t\t\tfallbacks: {\n\t\t\t\t\t\t\t\t\tallowHTML5AutoPlayOnAndroid:true\n\t\t\t\t\t\t\t\t},\n\t\t\t\t\t\t\t});\n\t\t\t\t\t\t}\n\t\t\t\t\t\t\n\t\t\t\t\t});\n\t\t\t\t\t} \/\/ End of RevInitScript\n\t\t\t\tvar once_revslider11 = false;\n\t\t\t\tif (document.readyState === \"loading\") {document.addEventListener('readystatechange',function() { if((document.readyState === \"interactive\" || document.readyState === \"complete\") && !once_revslider11 ) { once_revslider11 = true; revinit_revslider11();}});} else {once_revslider11 = true; revinit_revslider11();}\n\t\t\t\t<\/script>\n\t\t\t<\/rs-module-wrap>\n\t\t\t<!-- END REVOLUTION SLIDER -->\n[\/vc_column_text][\/vc_column][\/vc_row][vc_row][vc_column][vc_column_text]<\/p>\n<h5>Mu\u017e &#8211; Mu\u017e<\/h5>\n<table border=\"0\" cellspacing=\"0\" cellpadding=\"2\">\n<colgroup>\n<col width=\"49\" \/>\n<col width=\"78\" \/>\n<col width=\"60\" \/>\n<col width=\"79\" \/>\n<col width=\"145\" \/> <\/colgroup>\n<tbody>\n<tr>\n<td>Po\u0159ad\u00ed<\/td>\n<td>Po\u010det bod\u016f<\/td>\n<td>Jm\u00e9no<\/td>\n<td>Jm\u00e9no<\/td>\n<td>T\u00fdm<\/td>\n<\/tr>\n<tr>\n<td>1.<\/td>\n<td>3.825<\/td>\n<td>Su\u0161\u00edr<\/td>\n<td>Ku\u010dera<\/td>\n<td>SusaKuca<\/td>\n<\/tr>\n<tr>\n<td>2.<\/td>\n<td>3.340<\/td>\n<td>Jalov\u00fd<\/td>\n<td>Ko\u017e\u00ed\u0161ek<\/td>\n<td>Prasklej \u0158et\u011bz P+T<\/td>\n<\/tr>\n<tr>\n<td>3.<\/td>\n<td>3.220<\/td>\n<td>V\u00e1vra<\/td>\n<td>V\u00e1vra<\/td>\n<td>Havrani<\/td>\n<\/tr>\n<tr>\n<td>4.<\/td>\n<td>3.075<\/td>\n<td>Hlavat\u00fd<\/td>\n<td>Dubeneck\u00fd<\/td>\n<td>Prasklej \u0158et\u011bz J+L<\/td>\n<\/tr>\n<tr>\n<td>5.<\/td>\n<td>2.943<\/td>\n<td>Kopeck\u00fd<\/td>\n<td>Pour<\/td>\n<td>beManiax<\/td>\n<\/tr>\n<tr>\n<td>6.<\/td>\n<td>2.791<\/td>\n<td>Lu\u0161tick\u00fd<\/td>\n<td>My\u0161ka<\/td>\n<td>Vysok\u00e1 \u010dela<\/td>\n<\/tr>\n<tr>\n<td>7.<\/td>\n<td>2.677<\/td>\n<td>Lu\u0161tick\u00fd<\/td>\n<td>Nov\u00e1k<\/td>\n<td>HoHo<\/td>\n<\/tr>\n<tr>\n<td>8.<\/td>\n<td>2.633<\/td>\n<td>Erben<\/td>\n<td>C\u00edsa\u0159<\/td>\n<td>Volej Roho Noho<\/td>\n<\/tr>\n<tr>\n<td>9.<\/td>\n<td>2.593<\/td>\n<td>V\u00edt<\/td>\n<td>V\u00edt<\/td>\n<td>V\u00ed\u0165\u00e1ci<\/td>\n<\/tr>\n<tr>\n<td>10.<\/td>\n<td>2.370<\/td>\n<td>Ruml<\/td>\n<td>Ducho\u0148<\/td>\n<td>JeDu team<\/td>\n<\/tr>\n<tr>\n<td>11.<\/td>\n<td>2.189<\/td>\n<td>Rychtera<\/td>\n<td>Struh\u00e1r<\/td>\n<td>RS Team<\/td>\n<\/tr>\n<tr>\n<td>12.<\/td>\n<td>2.028<\/td>\n<td>Divi\u0161<\/td>\n<td>Kraus<\/td>\n<td>Rychl\u00ed \u0160lap\u00e1ci<\/td>\n<\/tr>\n<tr>\n<td>13.<\/td>\n<td>1.934<\/td>\n<td>Z\u00edvr<\/td>\n<td>Z\u00edvr<\/td>\n<td>Prasklej \u0158et\u011bz Z+Z<\/td>\n<\/tr>\n<tr>\n<td>14.<\/td>\n<td>1.899<\/td>\n<td>\u0158\u00edha<\/td>\n<td>Rub\u00e1k<\/td>\n<td>MaF<\/td>\n<\/tr>\n<tr>\n<td>15.<\/td>\n<td>1.760<\/td>\n<td>Lu\u010dan<\/td>\n<td>Kub\u00edn<\/td>\n<td>KaT<\/td>\n<\/tr>\n<tr>\n<td>16.<\/td>\n<td>1.739<\/td>\n<td>Fof<\/td>\n<td>\u017dab\u00e1k<\/td>\n<td>Stachanovci<\/td>\n<\/tr>\n<tr>\n<td>17.<\/td>\n<td>1.502<\/td>\n<td>Ko\u017e\u00ed\u0161ek<\/td>\n<td>Kr\u00e1tk\u00fd<\/td>\n<td>Prasklej \u0158etez KOKR<\/td>\n<\/tr>\n<\/tbody>\n<\/table>\n<h5><\/h5>\n<p><!--more--><\/p>\n<h5>\u017dena &#8211; \u017dena<\/h5>\n<table border=\"0\" cellspacing=\"0\" cellpadding=\"2\">\n<colgroup>\n<col width=\"49\" \/>\n<col width=\"78\" \/>\n<col width=\"86\" \/>\n<col width=\"71\" \/>\n<col width=\"128\" \/> <\/colgroup>\n<tbody>\n<tr>\n<td>Po\u0159ad\u00ed<\/td>\n<td>Po\u010det bod\u016f<\/td>\n<td>Jm\u00e9no<\/td>\n<td>Jm\u00e9no<\/td>\n<td>T\u00fdm<\/td>\n<\/tr>\n<tr>\n<td>1.<\/td>\n<td>2.043<\/td>\n<td>Kosty\u0161ynov\u00e1<\/td>\n<td>Curzio<\/td>\n<td>International Team<\/td>\n<\/tr>\n<tr>\n<td>2.<\/td>\n<td>1.958<\/td>\n<td>Zubrov\u00e1<\/td>\n<td>Divi\u0161ov\u00e1<\/td>\n<td>Rychl\u00fd Holky<\/td>\n<\/tr>\n<tr>\n<td>3.<\/td>\n<td>1.770<\/td>\n<td>Lhotov\u00e1<\/td>\n<td>Novotn\u00e1<\/td>\n<td>L\u00e1\u017eo Pl\u00e1\u017eo<\/td>\n<\/tr>\n<tr>\n<td>4.<\/td>\n<td>1.528<\/td>\n<td>L\u00e1nsk\u00e1<\/td>\n<td>Pozlerov\u00e1<\/td>\n<td>Holky z bytovky<\/td>\n<\/tr>\n<tr>\n<td>DNF<\/td>\n<td><\/td>\n<td>Jiroutov\u00e1<\/td>\n<td>\u0160tefkov\u00e1<\/td>\n<td>\u017deny ze vsi<\/td>\n<\/tr>\n<\/tbody>\n<\/table>\n<h5>Mu\u017e &#8211; \u017dena<\/h5>\n<table border=\"0\" cellspacing=\"0\" cellpadding=\"2\">\n<colgroup>\n<col width=\"49\" \/>\n<col width=\"78\" \/>\n<col width=\"69\" \/>\n<col width=\"85\" \/>\n<col width=\"124\" \/> <\/colgroup>\n<tbody>\n<tr>\n<td>Po\u0159ad\u00ed<\/td>\n<td>Po\u010det bod\u016f<\/td>\n<td>Jm\u00e9no<\/td>\n<td>Jm\u00e9no<\/td>\n<td>T\u00fdm<\/td>\n<\/tr>\n<tr>\n<td>1.<\/td>\n<td>2.647<\/td>\n<td>B\u0159\u00edza<\/td>\n<td>Paulusov\u00e1<\/td>\n<td>\u0160v\u00edgrs<\/td>\n<\/tr>\n<tr>\n<td>2.<\/td>\n<td>2.430<\/td>\n<td>Buchar<\/td>\n<td>Bucharov\u00e1<\/td>\n<td>BuBu<\/td>\n<\/tr>\n<tr>\n<td>3.<\/td>\n<td>2.136<\/td>\n<td>Rychtera<\/td>\n<td>Rychterov\u00e1<\/td>\n<td>HK<\/td>\n<\/tr>\n<tr>\n<td>4.<\/td>\n<td>2.128<\/td>\n<td>Vojt\u011bch<\/td>\n<td>Davidov\u00e1<\/td>\n<td>VoDa t\u00fdm<\/td>\n<\/tr>\n<tr>\n<td>5.<\/td>\n<td>2.043<\/td>\n<td>Kade\u010dka<\/td>\n<td>Kade\u010dkov\u00e1<\/td>\n<td>K\u00e1\u010fa a K\u00e1\u010fa<\/td>\n<\/tr>\n<tr>\n<td>6.<\/td>\n<td>1.974<\/td>\n<td>Vale\u0161<\/td>\n<td>Val\u0161ov\u00e1<\/td>\n<td>Je\u0161t\u011brky na \u0161t\u011brku<\/td>\n<\/tr>\n<tr>\n<td>7.<\/td>\n<td>1.973<\/td>\n<td>V\u00edt<\/td>\n<td>V\u00edtov\u00e1<\/td>\n<td>Mamka a Ta\u0165ka<\/td>\n<\/tr>\n<tr>\n<td>8.<\/td>\n<td>1.815<\/td>\n<td>Kov\u00e1\u010d<\/td>\n<td>Kov\u00e1\u010dov\u00e1<\/td>\n<td>Rumcajs a Manka<\/td>\n<\/tr>\n<tr>\n<td>9.<\/td>\n<td>1.739<\/td>\n<td>Schauer<\/td>\n<td>Schauerov\u00e1<\/td>\n<td>HCV<\/td>\n<\/tr>\n<tr>\n<td>10.<\/td>\n<td>1.735<\/td>\n<td>Bican<\/td>\n<td>Cik\u00e1nov\u00e1<\/td>\n<td>THE USTAV<\/td>\n<\/tr>\n<tr>\n<td>11.<\/td>\n<td>1.560<\/td>\n<td>Proch\u00e1zka<\/td>\n<td>Proch\u00e1zkov\u00e1<\/td>\n<td>Zubovi<\/td>\n<\/tr>\n<tr>\n<td>12.<\/td>\n<td>1.340<\/td>\n<td>Machek<\/td>\n<td>Svobodov\u00e1<\/td>\n<td>Snad dojedem<\/td>\n<\/tr>\n<tr>\n<td>13.<\/td>\n<td>810<\/td>\n<td>Hlou\u0161ek<\/td>\n<td>Hlou\u0161kov\u00e1<\/td>\n<td><\/td>\n<\/tr>\n<tr>\n<td>14.<\/td>\n<td>788<\/td>\n<td>Nov\u00e1k<\/td>\n<td>Trnkov\u00e1<\/td>\n<td>Flyers<\/td>\n<\/tr>\n<\/tbody>\n<\/table>\n<h5>Dosp\u011bl\u00fd &#8211; D\u00edt\u011b<\/h5>\n<table border=\"0\" cellspacing=\"0\" cellpadding=\"2\">\n<colgroup>\n<col width=\"49\" \/>\n<col width=\"78\" \/>\n<col width=\"63\" \/>\n<col width=\"77\" \/>\n<col width=\"136\" \/> <\/colgroup>\n<tbody>\n<tr>\n<td>Po\u0159ad\u00ed<\/td>\n<td>Po\u010det bod\u016f<\/td>\n<td>Jm\u00e9no<\/td>\n<td>Jm\u00e9no<\/td>\n<td>T\u00fdm<\/td>\n<\/tr>\n<tr>\n<td>1.<\/td>\n<td>2.580<\/td>\n<td>Kol\u00e1\u0159<\/td>\n<td>Kol\u00e1\u0159<\/td>\n<td>Plo\u0161nitel\u00e9_CZ<\/td>\n<\/tr>\n<tr>\n<td>2.<\/td>\n<td>2.400<\/td>\n<td>Kd\u00fdr<\/td>\n<td>Kd\u00fdr<\/td>\n<td>Dexter BSK racing<\/td>\n<\/tr>\n<tr>\n<td>3.<\/td>\n<td>2.230<\/td>\n<td>Karban<\/td>\n<td>Karbanov\u00e1<\/td>\n<td>IK Drinks<\/td>\n<\/tr>\n<tr>\n<td>4.<\/td>\n<td>2.208<\/td>\n<td>Bicanov\u00e1<\/td>\n<td>Bicanov\u00e1<\/td>\n<td>Prasklej \u0158et\u011bz M+P<\/td>\n<\/tr>\n<tr>\n<td>5.<\/td>\n<td>2.160<\/td>\n<td>Michek<\/td>\n<td>Michkov\u00e1<\/td>\n<td>HSMich na kole<\/td>\n<\/tr>\n<tr>\n<td>6.<\/td>\n<td>2.155<\/td>\n<td>Paulus<\/td>\n<td>Paulus<\/td>\n<td>Prasklej \u0158et\u011bz Z+M<\/td>\n<\/tr>\n<tr>\n<td>7.<\/td>\n<td>2.063<\/td>\n<td>Bican<\/td>\n<td>Bicanov\u00e1<\/td>\n<td>Prasklej \u0158et\u011bz B+A<\/td>\n<\/tr>\n<tr>\n<td>8.<\/td>\n<td>1.675<\/td>\n<td>Jirout<\/td>\n<td>Jiroutov\u00e1<\/td>\n<td>Dog team<\/td>\n<\/tr>\n<tr>\n<td>9.<\/td>\n<td>1.574<\/td>\n<td>Tom\u00e1\u0161ek<\/td>\n<td>Jalov\u00fd<\/td>\n<td>Drti\u010di ter\u00e9nu<\/td>\n<\/tr>\n<tr>\n<td>10.<\/td>\n<td>1.520<\/td>\n<td>Bure\u0161<\/td>\n<td>Bure\u0161<\/td>\n<td>Kluci z Libonic<\/td>\n<\/tr>\n<tr>\n<td>11.<\/td>\n<td>1.220<\/td>\n<td>Haukov\u00e1<\/td>\n<td>Hauk<\/td>\n<td>Mazda Team<\/td>\n<\/tr>\n<tr>\n<td>12.<\/td>\n<td>917<\/td>\n<td>Jalov\u00e1<\/td>\n<td>Jalov\u00e1<\/td>\n<td>Prasklej \u0158et\u011bz A+V<\/td>\n<\/tr>\n<tr>\n<td>13.<\/td>\n<td>767<\/td>\n<td>Kudov\u00e1<\/td>\n<td>Ko\u017e\u00ed\u0161kov\u00e1<\/td>\n<td>Prasklej \u0158et\u011bz K+R<\/td>\n<\/tr>\n<tr>\n<td>DNF<\/td>\n<td><\/td>\n<td>\u0160tefka<\/td>\n<td>\u0160tefka<\/td>\n<td>SGB<\/td>\n<\/tr>\n<tr>\n<td>DNF<\/td>\n<td><\/td>\n<td>Mart\u00ednek<\/td>\n<td>Mart\u00ednkov\u00e1<\/td>\n<td>Pivovarsk\u00e1 br\u00e1na<\/td>\n<\/tr>\n<\/tbody>\n<\/table>\n<h5>+99<\/h5>\n<table border=\"0\" cellspacing=\"0\" cellpadding=\"2\">\n<colgroup>\n<col width=\"49\" \/>\n<col width=\"78\" \/>\n<col width=\"60\" \/>\n<col width=\"69\" \/>\n<col width=\"100\" \/> <\/colgroup>\n<tbody>\n<tr>\n<td>Po\u0159ad\u00ed<\/td>\n<td>Po\u010det bod\u016f<\/td>\n<td>Jm\u00e9no<\/td>\n<td>Jm\u00e9no<\/td>\n<td>T\u00fdm<\/td>\n<\/tr>\n<tr>\n<td>1.<\/td>\n<td>2.096<\/td>\n<td>Charv\u00e1t<\/td>\n<td>Charvat<\/td>\n<td>Lelek team<\/td>\n<\/tr>\n<tr>\n<td>2.<\/td>\n<td>1.877<\/td>\n<td>\u010cern\u00fd<\/td>\n<td>Jindrov\u00e1<\/td>\n<td>HOTAK Praha<\/td>\n<\/tr>\n<tr>\n<td>3.<\/td>\n<td>1.571<\/td>\n<td>M\u00e1lkov\u00e1<\/td>\n<td>Jen\u010dovsk\u00e1<\/td>\n<td>D\u00e1da + Jindra<\/td>\n<\/tr>\n<\/tbody>\n<\/table>\n<h5>P\u011b\u0161\u00ed<\/h5>\n<table border=\"0\" cellspacing=\"0\" cellpadding=\"2\">\n<colgroup>\n<col width=\"49\" \/>\n<col width=\"78\" \/>\n<col width=\"73\" \/>\n<col width=\"73\" \/>\n<col width=\"134\" \/> <\/colgroup>\n<tbody>\n<tr>\n<td>Po\u0159ad\u00ed<\/td>\n<td>Po\u010det bod\u016f<\/td>\n<td>Jm\u00e9no<\/td>\n<td>Jm\u00e9no<\/td>\n<td>T\u00fdm<\/td>\n<\/tr>\n<tr>\n<td>1.<\/td>\n<td>1.124<\/td>\n<td>Hak<\/td>\n<td>Hak<\/td>\n<td>VOTO Zelen\u00e1 stopa<\/td>\n<\/tr>\n<tr>\n<td>2.<\/td>\n<td>726<\/td>\n<td>Koz\u00e1kov\u00e1<\/td>\n<td>Koz\u00e1k<\/td>\n<td>Koz\u00e1kovi<\/td>\n<\/tr>\n<tr>\n<td>3.<\/td>\n<td>700<\/td>\n<td>Hlavat\u00e1<\/td>\n<td>Hlavat\u00fd<\/td>\n<td>Hlavat\u00ed<\/td>\n<\/tr>\n<tr>\n<td>4. &#8211; 5.<\/td>\n<td>520<\/td>\n<td>Jurenkov\u00e1<\/td>\n<td>Jurenkov\u00e1<\/td>\n<td>MAEM<\/td>\n<\/tr>\n<tr>\n<td><\/td>\n<td>520<\/td>\n<td>Jurenka<\/td>\n<td>Jurenk<\/td>\n<td>TATO<\/td>\n<\/tr>\n<tr>\n<td>6.<\/td>\n<td>290<\/td>\n<td>Balihar<\/td>\n<td>Baliharov\u00e1<\/td>\n<td>Rv\u00e1\u010di<\/td>\n<\/tr>\n<tr>\n<td>7.<\/td>\n<td>250<\/td>\n<td>Baliharov\u00e1<\/td>\n<td>Baliharov\u00e1<\/td>\n<td>NoName<\/td>\n<\/tr>\n<tr>\n<td>DNF<\/td>\n<td><\/td>\n<td>K\u0148ourek<\/td>\n<td>Pet\u0159\u00edk<\/td>\n<td><\/td>\n<\/tr>\n<\/tbody>\n<\/table>\n","protected":false},"excerpt":{"rendered":"<p>[vc_row css=&#8220;.vc_custom_1606500620697{margin-top: -150px !important;}&#8220;][vc_column][vc_column_text][\/vc_column_text][\/vc_column][\/vc_row][vc_row][vc_column][vc_column_text] Mu\u017e &#8211; Mu\u017e Po\u0159ad\u00ed Po\u010det bod\u016f Jm\u00e9no Jm\u00e9no T\u00fdm 1. 3.825 Su\u0161\u00edr Ku\u010dera SusaKuca 2. 3.340 Jalov\u00fd Ko\u017e\u00ed\u0161ek Prasklej \u0158et\u011bz P+T 3. 3.220 V\u00e1vra V\u00e1vra Havrani 4. 3.075 Hlavat\u00fd Dubeneck\u00fd Prasklej \u0158et\u011bz J+L 5. 2.943 Kopeck\u00fd Pour beManiax 6. 2.791 Lu\u0161tick\u00fd My\u0161ka Vysok\u00e1 \u010dela 7. 2.677 Lu\u0161tick\u00fd Nov\u00e1k HoHo 8. 2.633&#8230;<\/p>\n","protected":false},"author":1,"featured_media":0,"parent":0,"menu_order":0,"comment_status":"closed","ping_status":"closed","template":"","meta":{"footnotes":""},"class_list":["post-235","page","type-page","status-publish","hentry"],"_links":{"self":[{"href":"https:\/\/www.scorelauf.cz\/index.php\/wp-json\/wp\/v2\/pages\/235","targetHints":{"allow":["GET"]}}],"collection":[{"href":"https:\/\/www.scorelauf.cz\/index.php\/wp-json\/wp\/v2\/pages"}],"about":[{"href":"https:\/\/www.scorelauf.cz\/index.php\/wp-json\/wp\/v2\/types\/page"}],"author":[{"embeddable":true,"href":"https:\/\/www.scorelauf.cz\/index.php\/wp-json\/wp\/v2\/users\/1"}],"replies":[{"embeddable":true,"href":"https:\/\/www.scorelauf.cz\/index.php\/wp-json\/wp\/v2\/comments?post=235"}],"version-history":[{"count":2,"href":"https:\/\/www.scorelauf.cz\/index.php\/wp-json\/wp\/v2\/pages\/235\/revisions"}],"predecessor-version":[{"id":636,"href":"https:\/\/www.scorelauf.cz\/index.php\/wp-json\/wp\/v2\/pages\/235\/revisions\/636"}],"wp:attachment":[{"href":"https:\/\/www.scorelauf.cz\/index.php\/wp-json\/wp\/v2\/media?parent=235"}],"curies":[{"name":"wp","href":"https:\/\/api.w.org\/{rel}","templated":true}]}}