{"id":238,"date":"2017-09-03T20:41:51","date_gmt":"2017-09-03T18:41:51","guid":{"rendered":"http:\/\/www.scorelauf.cz\/?page_id=238"},"modified":"2021-05-13T20:51:44","modified_gmt":"2021-05-13T18:51:44","slug":"vysledky-2016","status":"publish","type":"page","link":"https:\/\/www.scorelauf.cz\/index.php\/vysledky-2016\/","title":{"rendered":"V\u00fdsledky 2016"},"content":{"rendered":"<p>[vc_row css=&#8220;.vc_custom_1606500620697{margin-top: -150px !important;}&#8220;][vc_column][vc_column_text]\n\t\t\t<!-- START Scorelauf REVOLUTION SLIDER 6.4.11 --><p class=\"rs-p-wp-fix\"><\/p>\n\t\t\t<rs-module-wrap id=\"rev_slider_1_1_wrapper\" data-source=\"gallery\" style=\"background:transparent;padding:0;margin:0px auto;margin-top:0;margin-bottom:0;\">\n\t\t\t\t<rs-module id=\"rev_slider_1_1\" style=\"\" data-version=\"6.4.11\">\n\t\t\t\t\t<rs-slides>\n\t\t\t\t\t\t<rs-slide data-key=\"rs-1\" data-title=\"Slide\" data-in=\"o:0;\" data-out=\"a:false;\">\n\t\t\t\t\t\t\t<img decoding=\"async\" src=\"\/\/www.scorelauf.cz\/wp-content\/plugins\/revslider\/public\/assets\/assets\/transparent.png\" alt=\"Slide\" title=\"V\u00fdsledky 2016\" class=\"rev-slidebg tp-rs-img\" data-bg=\"c:#0c0c0c;\" data-no-retina>\n<!--\n\t\t\t\t\t\t\t--><rs-layer\n\t\t\t\t\t\t\t\tid=\"slider-1-slide-1-layer-0\" \n\t\t\t\t\t\t\t\tdata-type=\"image\"\n\t\t\t\t\t\t\t\tdata-rsp_ch=\"on\"\n\t\t\t\t\t\t\t\tdata-xy=\"x:c;y:c;\"\n\t\t\t\t\t\t\t\tdata-text=\"w:normal;\"\n\t\t\t\t\t\t\t\tdata-dim=\"w:961.9354838709677px;h:282px;minw:1px;minh:1px;\"\n\t\t\t\t\t\t\t\tdata-padding=\"t:1;r:1;b:1;l:1;\"\n\t\t\t\t\t\t\t\tdata-frame_999=\"o:0;st:w;\"\n\t\t\t\t\t\t\t\tstyle=\"z-index:5;\"\n\t\t\t\t\t\t\t><img loading=\"lazy\" decoding=\"async\" src=\"\/\/www.scorelauf.cz\/wp-content\/uploads\/2024\/03\/Baner-Net-Scorelauf-3Da.png\" class=\"tp-rs-img\" width=\"2982\" height=\"825\" data-no-retina> \n\t\t\t\t\t\t\t<\/rs-layer><!--\n-->\t\t\t\t\t\t<\/rs-slide>\n\t\t\t\t\t<\/rs-slides>\n\t\t\t\t<\/rs-module>\n\t\t\t\t<script type=\"text\/javascript\">\n\t\t\t\t\tsetREVStartSize({c: 'rev_slider_1_1',rl:[1240,1024,778,480],el:[350],gw:[1240],gh:[350],type:'hero',justify:'',layout:'fullwidth',mh:\"0\"});\n\t\t\t\t\tvar\trevapi1,\n\t\t\t\t\t\ttpj;\n\t\t\t\t\tfunction revinit_revslider11() {\n\t\t\t\t\tjQuery(function() {\n\t\t\t\t\t\ttpj = jQuery;\n\t\t\t\t\t\trevapi1 = tpj(\"#rev_slider_1_1\");\n\t\t\t\t\t\tif(revapi1==undefined || revapi1.revolution == undefined){\n\t\t\t\t\t\t\trevslider_showDoubleJqueryError(\"rev_slider_1_1\");\n\t\t\t\t\t\t}else{\n\t\t\t\t\t\t\trevapi1.revolution({\n\t\t\t\t\t\t\t\tsliderType:\"hero\",\n\t\t\t\t\t\t\t\tDPR:\"dpr\",\n\t\t\t\t\t\t\t\tsliderLayout:\"fullwidth\",\n\t\t\t\t\t\t\t\tvisibilityLevels:\"1240,1024,778,480\",\n\t\t\t\t\t\t\t\tgridwidth:1240,\n\t\t\t\t\t\t\t\tgridheight:350,\n\t\t\t\t\t\t\t\tspinner:\"spinner0\",\n\t\t\t\t\t\t\t\tperspective:600,\n\t\t\t\t\t\t\t\tperspectiveType:\"local\",\n\t\t\t\t\t\t\t\teditorheight:\"350,768,960,720\",\n\t\t\t\t\t\t\t\tresponsiveLevels:\"1240,1024,778,480\",\n\t\t\t\t\t\t\t\tprogressBar:{disableProgressBar:true},\n\t\t\t\t\t\t\t\tnavigation: {\n\t\t\t\t\t\t\t\t\tonHoverStop:false\n\t\t\t\t\t\t\t\t},\n\t\t\t\t\t\t\t\tfallbacks: {\n\t\t\t\t\t\t\t\t\tallowHTML5AutoPlayOnAndroid:true\n\t\t\t\t\t\t\t\t},\n\t\t\t\t\t\t\t});\n\t\t\t\t\t\t}\n\t\t\t\t\t\t\n\t\t\t\t\t});\n\t\t\t\t\t} \/\/ End of RevInitScript\n\t\t\t\tvar once_revslider11 = false;\n\t\t\t\tif (document.readyState === \"loading\") {document.addEventListener('readystatechange',function() { if((document.readyState === \"interactive\" || document.readyState === \"complete\") && !once_revslider11 ) { once_revslider11 = true; revinit_revslider11();}});} else {once_revslider11 = true; revinit_revslider11();}\n\t\t\t\t<\/script>\n\t\t\t<\/rs-module-wrap>\n\t\t\t<!-- END REVOLUTION SLIDER -->\n[\/vc_column_text][\/vc_column][\/vc_row][vc_row][vc_column][vc_column_text]<\/p>\n<h5>Mu\u017e &#8211; Mu\u017e<\/h5>\n<table style=\"width: 669px;\" border=\"0\" cellspacing=\"0\" cellpadding=\"0\">\n<colgroup>\n<col width=\"90\" \/>\n<col width=\"91\" \/>\n<col width=\"166\" \/>\n<col width=\"197\" \/>\n<col width=\"99\" \/> <\/colgroup>\n<tbody>\n<tr>\n<td style=\"width: 88px;\" height=\"59\">Po\u0159ad\u00ed<\/td>\n<td style=\"width: 89px;\">Startovn\u00ed \u010d\u00edslo<\/td>\n<td style=\"width: 203px;\">T\u00fdm<\/td>\n<td style=\"width: 336px;\">Slo\u017een\u00ed<\/td>\n<td style=\"width: 12px;\">Body<\/td>\n<\/tr>\n<tr>\n<td style=\"width: 88px;\" height=\"24\">1.<\/td>\n<td style=\"width: 89px;\">1<\/td>\n<td style=\"width: 203px;\">SusaKuca<\/td>\n<td style=\"width: 336px;\">Radek Su\u0161\u00edr\/Tom\u00e1\u0161 Ku\u010dera<\/td>\n<td style=\"width: 12px;\">1746<\/td>\n<\/tr>\n<tr>\n<td style=\"width: 88px;\" height=\"24\">2.<\/td>\n<td style=\"width: 89px;\">42<\/td>\n<td style=\"width: 203px;\">Zevl\u00e1ci<\/td>\n<td style=\"width: 336px;\">Martin C\u00edsa\u0159\/Petr Bican<\/td>\n<td style=\"width: 12px;\">1421<\/td>\n<\/tr>\n<tr>\n<td style=\"width: 88px;\" height=\"24\">3.<\/td>\n<td style=\"width: 89px;\">4<\/td>\n<td style=\"width: 203px;\">BeManiax Madbike<\/td>\n<td style=\"width: 336px;\">Ladislav \u00a0 Kopeck\u00fd\/David Pour<\/td>\n<td style=\"width: 12px;\">1321<\/td>\n<\/tr>\n<tr>\n<td style=\"width: 88px;\" height=\"24\">4.<\/td>\n<td style=\"width: 89px;\">49<\/td>\n<td style=\"width: 203px;\">N\u00e1hodou se poznali<\/td>\n<td style=\"width: 336px;\">Vladislav \u00a0 Rychtera\/Ond\u0159ej Ko\u017e\u00ed\u0161ek<\/td>\n<td style=\"width: 12px;\">1285<\/td>\n<\/tr>\n<tr>\n<td style=\"width: 88px;\" height=\"24\">5.<\/td>\n<td style=\"width: 89px;\">51<\/td>\n<td style=\"width: 203px;\">O\u0161kliv\u00e1ci<\/td>\n<td style=\"width: 336px;\">Tom\u00e1\u0161 L\u00e1mr\/L\u00e1\u010fa Fof<\/td>\n<td style=\"width: 12px;\">1213<\/td>\n<\/tr>\n<tr>\n<td style=\"width: 88px;\" height=\"24\">6.<\/td>\n<td style=\"width: 89px;\">44<\/td>\n<td style=\"width: 203px;\">Lepra Team<\/td>\n<td style=\"width: 336px;\">Luk\u00e1\u0161 \u00a0 Vondr\u00e1\u010dek\/Michal Vorel<\/td>\n<td style=\"width: 12px;\">1014<\/td>\n<\/tr>\n<tr>\n<td style=\"width: 88px;\" height=\"24\">7.<\/td>\n<td style=\"width: 89px;\">5<\/td>\n<td style=\"width: 203px;\">BaBa<\/td>\n<td style=\"width: 336px;\">Michal Baron\/Maty\u00e1\u0161 \u00a0 Baron<\/td>\n<td style=\"width: 12px;\">977<\/td>\n<\/tr>\n<tr>\n<td style=\"width: 88px;\" height=\"24\">8.<\/td>\n<td style=\"width: 89px;\">45<\/td>\n<td style=\"width: 203px;\">Kovo\u0161rot<\/td>\n<td style=\"width: 336px;\">Michal Kosina\/Luk\u00e1\u0161 \u00a0 Vorel<\/td>\n<td style=\"width: 12px;\">956<\/td>\n<\/tr>\n<tr>\n<td style=\"width: 88px;\" height=\"24\">9.<\/td>\n<td style=\"width: 89px;\">3<\/td>\n<td style=\"width: 203px;\">M&amp;M<\/td>\n<td style=\"width: 336px;\">Martin \u0158\u00edha\/Milan \u00a0 Struh\u00e1r<\/td>\n<td style=\"width: 12px;\">912<\/td>\n<\/tr>\n<tr>\n<td style=\"width: 88px;\" height=\"24\">10.<\/td>\n<td style=\"width: 89px;\">17<\/td>\n<td style=\"width: 203px;\">Cykloteam<\/td>\n<td style=\"width: 336px;\">Pavel Ruml\/Miroslav \u00a0 Dra\u0161t\u00edk<\/td>\n<td style=\"width: 12px;\">862<\/td>\n<\/tr>\n<\/tbody>\n<\/table>\n<h5><\/h5>\n<p><!--more--><\/p>\n<h5>\u017dena &#8211; \u017dena<\/h5>\n<table style=\"width: 650px;\" border=\"0\" cellspacing=\"0\" cellpadding=\"0\">\n<colgroup>\n<col width=\"88\" \/>\n<col width=\"90\" \/>\n<col width=\"131\" \/>\n<col width=\"237\" \/>\n<col width=\"97\" \/> <\/colgroup>\n<tbody>\n<tr>\n<td style=\"width: 86px;\" height=\"59\">Po\u0159ad\u00ed<\/td>\n<td style=\"width: 88px;\">Startovn\u00ed \u010d\u00edslo<\/td>\n<td style=\"width: 129px;\">T\u00fdm<\/td>\n<td style=\"width: 321px;\">Slo\u017een\u00ed<\/td>\n<td style=\"width: 22px;\">Body<\/td>\n<\/tr>\n<tr>\n<td style=\"width: 86px;\" height=\"24\">1.<\/td>\n<td style=\"width: 88px;\">7<\/td>\n<td style=\"width: 129px;\">B\u00edl\u00e9 my\u0161i<\/td>\n<td style=\"width: 321px;\">Michaela Strej\u010dkov\u00e1\/Eva Kosty\u0161ynov\u00e1<\/td>\n<td style=\"width: 22px;\">1207<\/td>\n<\/tr>\n<tr>\n<td style=\"width: 86px;\" height=\"24\">2.<\/td>\n<td style=\"width: 88px;\">8<\/td>\n<td style=\"width: 129px;\">L\u00e1\u017eo a Pl\u00e1\u017eo<\/td>\n<td style=\"width: 321px;\">Lenka \u00a0 Novotn\u00e1\/Kate\u0159ina Lhotov\u00e1<\/td>\n<td style=\"width: 22px;\">1070<\/td>\n<\/tr>\n<tr>\n<td style=\"width: 86px;\" height=\"24\">3.<\/td>\n<td style=\"width: 88px;\">6<\/td>\n<td style=\"width: 129px;\">KAMA Team<\/td>\n<td style=\"width: 321px;\">Mark\u00e9ta L\u00e1nsk\u00e1<\/td>\n<td style=\"width: 22px;\">988<\/td>\n<\/tr>\n<\/tbody>\n<\/table>\n<h5>Mu\u017e &#8211; \u017dena<\/h5>\n<table style=\"width: 656px;\" border=\"0\" cellspacing=\"0\" cellpadding=\"0\">\n<colgroup>\n<col width=\"87\" \/>\n<col width=\"89\" \/>\n<col width=\"148\" \/>\n<col width=\"223\" \/>\n<col width=\"95\" \/> <\/colgroup>\n<tbody>\n<tr>\n<td style=\"width: 85px;\" height=\"59\">Po\u0159ad\u00ed<\/td>\n<td style=\"width: 87px;\">Startovn\u00ed \u010d\u00edslo<\/td>\n<td style=\"width: 176px;\">T\u00fdm<\/td>\n<td style=\"width: 399px;\">Slo\u017een\u00ed<\/td>\n<td style=\"width: 36px;\">Body<\/td>\n<\/tr>\n<tr>\n<td style=\"width: 85px;\" height=\"24\">1.<\/td>\n<td style=\"width: 87px;\">15<\/td>\n<td style=\"width: 176px;\">K\u00e1\u010fa a K\u00e1\u010fa<\/td>\n<td style=\"width: 399px;\">Martin Kade\u010dka\/Jana Kade\u010dkov\u00e1<\/td>\n<td style=\"width: 36px;\">1490<\/td>\n<\/tr>\n<tr>\n<td style=\"width: 85px;\" height=\"24\">2.<\/td>\n<td style=\"width: 87px;\">13<\/td>\n<td style=\"width: 176px;\">VoDa t\u00fdm<\/td>\n<td style=\"width: 399px;\">Tom\u00e1\u0161 Vojt\u011bch\/Petra Davidov\u00e1<\/td>\n<td style=\"width: 36px;\">1345<\/td>\n<\/tr>\n<tr>\n<td style=\"width: 85px;\" height=\"24\">3.<\/td>\n<td style=\"width: 87px;\">16<\/td>\n<td style=\"width: 176px;\">my\u0161\u00e1ci<\/td>\n<td style=\"width: 399px;\">Vlastimil \u00a0 My\u0161ka\/Mark\u00e9ta My\u0161kov\u00e1<\/td>\n<td style=\"width: 36px;\">1264<\/td>\n<\/tr>\n<tr>\n<td style=\"width: 85px;\" height=\"24\">4.<\/td>\n<td style=\"width: 87px;\">9<\/td>\n<td style=\"width: 176px;\">\u017d\u00edznivci 1<\/td>\n<td style=\"width: 399px;\">Lud\u011bk \u0160ulc\/Irena \u00a0 Droznov\u00e1<\/td>\n<td style=\"width: 36px;\">1236<\/td>\n<\/tr>\n<tr>\n<td style=\"width: 85px;\" height=\"24\">5.<\/td>\n<td style=\"width: 87px;\">11<\/td>\n<td style=\"width: 176px;\">HK<\/td>\n<td style=\"width: 399px;\">Petr \u00a0 Rychtera\/Kate\u0159ina Rychterov\u00e1<\/td>\n<td style=\"width: 36px;\">1225<\/td>\n<\/tr>\n<tr>\n<td style=\"width: 85px;\" height=\"24\">6.<\/td>\n<td style=\"width: 87px;\">12<\/td>\n<td style=\"width: 176px;\">Kohoutek a slepi\u010dka<\/td>\n<td style=\"width: 399px;\">Viktor Kohout\/Renata Mayerhoferov\u00e1<\/td>\n<td style=\"width: 36px;\">1157<\/td>\n<\/tr>\n<tr>\n<td style=\"width: 85px;\" height=\"24\">7.<\/td>\n<td style=\"width: 87px;\">58<\/td>\n<td style=\"width: 176px;\">Kemo\u0161i<\/td>\n<td style=\"width: 399px;\">Tom\u00e1\u0161 Kvasni\u010dka\/Alena \u00a0 V\u00e1vrov\u00e1<\/td>\n<td style=\"width: 36px;\">1143<\/td>\n<\/tr>\n<tr>\n<td style=\"width: 85px;\" height=\"24\">8.<\/td>\n<td style=\"width: 87px;\">10<\/td>\n<td style=\"width: 176px;\">\u017d\u00edznivci 2<\/td>\n<td style=\"width: 399px;\">Leon Huba\u010dek\/Jana \u00a0 Bab\u00e1kov\u00e1<\/td>\n<td style=\"width: 36px;\">1010<\/td>\n<\/tr>\n<tr>\n<td style=\"width: 85px;\" height=\"24\">9.<\/td>\n<td style=\"width: 87px;\">46<\/td>\n<td style=\"width: 176px;\">Darmo\u0161lapky<\/td>\n<td style=\"width: 399px;\">Veronika \u00a0 Bi\u010di\u0161\u0165ov\u00e1\/Petr Balihar<\/td>\n<td style=\"width: 36px;\">872<\/td>\n<\/tr>\n<tr>\n<td style=\"width: 85px;\" height=\"24\">10.<\/td>\n<td style=\"width: 87px;\">14<\/td>\n<td style=\"width: 176px;\">Monton Team<\/td>\n<td style=\"width: 399px;\">Luk\u00e1\u0161 Jedli\u010dka\/\u0160\u00e1rka \u00a0 Run\u0161tukov\u00e1<\/td>\n<td style=\"width: 36px;\">780<\/td>\n<\/tr>\n<tr>\n<td style=\"width: 85px;\" height=\"24\">11.<\/td>\n<td style=\"width: 87px;\">35<\/td>\n<td style=\"width: 176px;\">Rumcajs a Manka<\/td>\n<td style=\"width: 399px;\">Pavel Kov\u00e1\u010d\/Mirka \u00a0 Kov\u00e1\u010dov\u00e1<\/td>\n<td style=\"width: 36px;\">610<\/td>\n<\/tr>\n<\/tbody>\n<\/table>\n<h5>Dosp\u011bl\u00fd &#8211; D\u00edt\u011b<\/h5>\n<table style=\"width: 666px;\" border=\"0\" cellspacing=\"0\" cellpadding=\"0\">\n<colgroup>\n<col width=\"85\" \/>\n<col width=\"88\" \/>\n<col width=\"149\" \/>\n<col width=\"227\" \/>\n<col width=\"93\" \/> <\/colgroup>\n<tbody>\n<tr>\n<td style=\"width: 83px;\" height=\"59\">Po\u0159ad\u00ed<\/td>\n<td style=\"width: 86px;\">Startovn\u00ed \u010d\u00edslo<\/td>\n<td style=\"width: 147px;\">T\u00fdm<\/td>\n<td style=\"width: 355px;\">Slo\u017een\u00ed<\/td>\n<td style=\"width: 42px;\">Body<\/td>\n<\/tr>\n<tr>\n<td style=\"width: 83px;\" height=\"24\">1.<\/td>\n<td style=\"width: 86px;\">28<\/td>\n<td style=\"width: 147px;\">Paulus\u00e1ci<\/td>\n<td style=\"width: 355px;\">Zden\u011bk Paulus\/Maty\u00e1\u0161 Paulus<\/td>\n<td style=\"width: 42px;\">1255<\/td>\n<\/tr>\n<tr>\n<td style=\"width: 83px;\" height=\"24\">2.<\/td>\n<td style=\"width: 86px;\">25<\/td>\n<td style=\"width: 147px;\">Prasklej \u0159et\u011bz M+P<\/td>\n<td style=\"width: 355px;\">Martina \u00a0 Bicanov\u00e1\/Pavla Bicanov\u00e1<\/td>\n<td style=\"width: 42px;\">1185<\/td>\n<\/tr>\n<tr>\n<td style=\"width: 83px;\" height=\"24\">3.<\/td>\n<td style=\"width: 86px;\">26<\/td>\n<td style=\"width: 147px;\">Prasklej \u0159et\u011bz B+A<\/td>\n<td style=\"width: 355px;\">B\u0159etislav \u00a0 Bican\/Ani\u010dka Bicanov\u00e1<\/td>\n<td style=\"width: 42px;\">1152<\/td>\n<\/tr>\n<tr>\n<td style=\"width: 83px;\" height=\"24\">4.<\/td>\n<td style=\"width: 86px;\">18<\/td>\n<td style=\"width: 147px;\">Tony na kole<\/td>\n<td style=\"width: 355px;\">Ivo Michek\/Zuzana \u00a0 Michkov\u00e1<\/td>\n<td style=\"width: 42px;\">1117<\/td>\n<\/tr>\n<tr>\n<td style=\"width: 83px;\" height=\"24\">5.<\/td>\n<td style=\"width: 86px;\">37<\/td>\n<td style=\"width: 147px;\">Karba\u0148\u00e1k a puber\u0165\u00e1k<\/td>\n<td style=\"width: 355px;\">Ivo Karban\/Terezka \u00a0 Karbanov\u00e1<\/td>\n<td style=\"width: 42px;\">1115<\/td>\n<\/tr>\n<tr>\n<td style=\"width: 83px;\" height=\"24\">6.<\/td>\n<td style=\"width: 86px;\">27<\/td>\n<td style=\"width: 147px;\">Pospateam<\/td>\n<td style=\"width: 355px;\">Petr Posp\u00ed\u0161il\/Jan \u00a0 Posp\u00ed\u0161il<\/td>\n<td style=\"width: 42px;\">1068<\/td>\n<\/tr>\n<tr>\n<td style=\"width: 83px;\" height=\"24\">7.<\/td>\n<td style=\"width: 86px;\">23<\/td>\n<td style=\"width: 147px;\">Giganti<\/td>\n<td style=\"width: 355px;\">David Novotn\u00fd\/Jan \u00a0 Novotn\u00fd<\/td>\n<td style=\"width: 42px;\">1057<\/td>\n<\/tr>\n<tr>\n<td style=\"width: 83px;\" height=\"24\">8.<\/td>\n<td style=\"width: 86px;\">38<\/td>\n<td style=\"width: 147px;\">Praskl\u00e1 trojka<\/td>\n<td style=\"width: 355px;\">Alena Jalov\u00e1\/V.Jalov\u00fd \u00a0 a \u0160.Macha\u010dka<\/td>\n<td style=\"width: 42px;\">987<\/td>\n<\/tr>\n<tr>\n<td style=\"width: 83px;\" height=\"24\">9.<\/td>\n<td style=\"width: 86px;\">48<\/td>\n<td style=\"width: 147px;\">Zelen\u00e1 stopa 1<\/td>\n<td style=\"width: 355px;\">Venda Hak\/Tom\u00e1\u0161 \u00a0 Dre\u0161er<\/td>\n<td style=\"width: 42px;\">944<\/td>\n<\/tr>\n<tr>\n<td style=\"width: 83px;\" height=\"24\">10.<\/td>\n<td style=\"width: 86px;\">24<\/td>\n<td style=\"width: 147px;\">Kolono\u017eky<\/td>\n<td style=\"width: 355px;\">Tom\u00e1\u0161 Bor\u016fvka\/\u0160imon \u00a0 Bor\u016fvka<\/td>\n<td style=\"width: 42px;\">907<\/td>\n<\/tr>\n<tr>\n<td style=\"width: 83px;\" height=\"24\">11.<\/td>\n<td style=\"width: 86px;\">41<\/td>\n<td style=\"width: 147px;\">Petra a Evi\u010dka<\/td>\n<td style=\"width: 355px;\">Petra Jezberov\u00e1\/Eva \u00a0 Jezberov\u00e1<\/td>\n<td style=\"width: 42px;\">894<\/td>\n<\/tr>\n<tr>\n<td style=\"width: 83px;\" height=\"24\">12.<\/td>\n<td style=\"width: 86px;\">53<\/td>\n<td style=\"width: 147px;\">Kluci z Libonic<\/td>\n<td style=\"width: 355px;\">Roman Bure\u0161\/Ond\u0159ej \u00a0 Bure\u0161<\/td>\n<td style=\"width: 42px;\">893<\/td>\n<\/tr>\n<tr>\n<td style=\"width: 83px;\" height=\"24\">13.<\/td>\n<td style=\"width: 86px;\">40<\/td>\n<td style=\"width: 147px;\">Ho\u0159ick\u00e9 v\u00edly<\/td>\n<td style=\"width: 355px;\">Jana Novotn\u00e1\/Eli\u0161ka \u00a0 Novotn\u00e1<\/td>\n<td style=\"width: 42px;\">874<\/td>\n<\/tr>\n<tr>\n<td style=\"width: 83px;\" height=\"24\">14.<\/td>\n<td style=\"width: 86px;\">47<\/td>\n<td style=\"width: 147px;\">Zelen\u00e1 stopa 2<\/td>\n<td style=\"width: 355px;\">\u0160imon Hak\/Jakub \u00a0 Machek<\/td>\n<td style=\"width: 42px;\">866<\/td>\n<\/tr>\n<tr>\n<td style=\"width: 83px;\" height=\"24\">15.<\/td>\n<td style=\"width: 86px;\">19<\/td>\n<td style=\"width: 147px;\">Mlad\u00ed hasi\u010di<\/td>\n<td style=\"width: 355px;\">Marcela Svobodov\u00e1\/Kate\u0159ina \u0160t\u011brbov\u00e1<\/td>\n<td style=\"width: 42px;\">776<\/td>\n<\/tr>\n<tr>\n<td style=\"width: 83px;\" height=\"24\">16.<\/td>\n<td style=\"width: 86px;\">43<\/td>\n<td style=\"width: 147px;\">Kn\u011b\u017ea Team<\/td>\n<td style=\"width: 355px;\">Petr a Jan \u00a0 Kn\u011b\u017eourkovi<\/td>\n<td style=\"width: 42px;\">745<\/td>\n<\/tr>\n<tr>\n<td style=\"width: 83px;\" height=\"24\">17.<\/td>\n<td style=\"width: 86px;\">36<\/td>\n<td style=\"width: 147px;\">Dog Team<\/td>\n<td style=\"width: 355px;\">Ji\u0159\u00ed Jirout\/Ad\u00e9la \u00a0 Jiroutov\u00e1<\/td>\n<td style=\"width: 42px;\">745<\/td>\n<\/tr>\n<tr>\n<td style=\"width: 83px;\" height=\"24\">18.<\/td>\n<td style=\"width: 86px;\">21<\/td>\n<td style=\"width: 147px;\">Br\u00e1cha a Br\u00e1cha<\/td>\n<td style=\"width: 355px;\">Martin Br\u00e1cha\/Filip \u00a0 Br\u00e1cha<\/td>\n<td style=\"width: 42px;\">680<\/td>\n<\/tr>\n<tr>\n<td style=\"width: 83px;\" height=\"24\">19.<\/td>\n<td style=\"width: 86px;\">54<\/td>\n<td style=\"width: 147px;\">Star Wars<\/td>\n<td style=\"width: 355px;\">Nikolas Bor\u016fvka\/Iveta \u00a0 Mat\u011bjovsk\u00e1<\/td>\n<td style=\"width: 42px;\">645<\/td>\n<\/tr>\n<tr>\n<td style=\"width: 83px;\" height=\"24\">20.<\/td>\n<td style=\"width: 86px;\">20<\/td>\n<td style=\"width: 147px;\">Br\u010faci<\/td>\n<td style=\"width: 355px;\">Ji\u0159\u00ed Muhl\/\u0160t\u011bp\u00e1n Muhl<\/td>\n<td style=\"width: 42px;\">610<\/td>\n<\/tr>\n<tr>\n<td style=\"width: 83px;\" height=\"24\">21.<\/td>\n<td style=\"width: 86px;\">22<\/td>\n<td style=\"width: 147px;\">T\u0159eme\u0161n\u00e1team<\/td>\n<td style=\"width: 355px;\">Lucka Dra\u0161t\u00edkov\u00e1\/A. a \u00a0 E. Dra\u0161t\u00edkov\u00e1<\/td>\n<td style=\"width: 42px;\">522<\/td>\n<\/tr>\n<\/tbody>\n<\/table>\n<h5>+99<\/h5>\n<p>v t\u00e9to kategorii ji\u017e p\u0159i startu nedopat\u0159en\u00edm do\u0161lo k necht\u011bn\u00e9 z\u00e1m\u011bn\u011b kategorie +99 za kategorii Mu\u017e &#8211; \u017dena u t\u00fdmu HO TAK Praha<\/p>\n<p>T\u00edmto se jim omlouv\u00e1me a na v\u00fdsledkov\u00e9 listin\u011b u\u017e jsou spr\u00e1vn\u011b um\u00edst\u011bni na kr\u00e1sn\u00e9m 2. m\u00edst\u011b.<\/p>\n<table style=\"width: 638px;\" border=\"0\" cellspacing=\"0\" cellpadding=\"0\">\n<colgroup>\n<col width=\"89\" \/>\n<col width=\"90\" \/>\n<col width=\"149\" \/>\n<col width=\"216\" \/>\n<col width=\"98\" \/> <\/colgroup>\n<tbody>\n<tr>\n<td style=\"width: 87px;\" height=\"59\">Po\u0159ad\u00ed<\/td>\n<td style=\"width: 88px;\">Startovn\u00ed \u010d\u00edslo<\/td>\n<td style=\"width: 147px;\">T\u00fdm<\/td>\n<td style=\"width: 331px;\">Slo\u017een\u00ed<\/td>\n<td style=\"width: 10px;\">Body<\/td>\n<\/tr>\n<tr>\n<td style=\"width: 87px;\" height=\"24\">1.<\/td>\n<td style=\"width: 88px;\">33<\/td>\n<td style=\"width: 147px;\">mamka&amp;ta\u0165ka<\/td>\n<td style=\"width: 331px;\">Jana V\u00edtov\u00e1\/Igor V\u00edt<\/td>\n<td style=\"width: 10px;\">1182<\/td>\n<\/tr>\n<tr>\n<td style=\"width: 87px;\" height=\"24\">2.<\/td>\n<td style=\"width: 88px;\">39<\/td>\n<td style=\"width: 147px;\">HO TAK Praha<\/td>\n<td style=\"width: 331px;\">Olga Jindrov\u00e1\/Jan \u00a0 \u010cern\u00fd<\/td>\n<td style=\"width: 10px;\">1099<\/td>\n<\/tr>\n<tr>\n<td style=\"width: 87px;\" height=\"24\">3.<\/td>\n<td style=\"width: 88px;\">31<\/td>\n<td style=\"width: 147px;\">JALUD106<\/td>\n<td style=\"width: 331px;\">Jaroslav \u00a0 David\/Ludmila Ludv\u00edkov\u00e1<\/td>\n<td style=\"width: 10px;\">1042<\/td>\n<\/tr>\n<tr>\n<td style=\"width: 87px;\" height=\"24\">4.<\/td>\n<td style=\"width: 88px;\">55<\/td>\n<td style=\"width: 147px;\">Kn\u011b\u017eourkovi<\/td>\n<td style=\"width: 331px;\">Ji\u0159\u00ed Kn\u011b\u017eourek\/Hana \u00a0 Kn\u011b\u017eourkov\u00e1<\/td>\n<td style=\"width: 10px;\">833<\/td>\n<\/tr>\n<tr>\n<td style=\"width: 87px;\" height=\"24\">5.<\/td>\n<td style=\"width: 88px;\">29<\/td>\n<td style=\"width: 147px;\">Lelek team<\/td>\n<td style=\"width: 331px;\">Lubo\u0161 Charv\u00e1t\/Roman \u00a0 Charv\u00e1t<\/td>\n<td style=\"width: 10px;\">770<\/td>\n<\/tr>\n<tr>\n<td style=\"width: 87px;\" height=\"24\">6.<\/td>\n<td style=\"width: 88px;\">32<\/td>\n<td style=\"width: 147px;\">Indula a D\u00e1da<\/td>\n<td style=\"width: 331px;\">Jindra \u00a0 Jen\u010dovsk\u00e1\/Diana M\u00e1lkov\u00e1<\/td>\n<td style=\"width: 10px;\">693<\/td>\n<\/tr>\n<tr>\n<td style=\"width: 87px;\" height=\"24\">7.<\/td>\n<td style=\"width: 88px;\">52<\/td>\n<td style=\"width: 147px;\">Dobrovod\u0161t\u00ed chrti<\/td>\n<td style=\"width: 331px;\">Vlastimil Michalica\/Roman Ko\u0159\u00ednek<\/td>\n<td style=\"width: 10px;\">633<\/td>\n<\/tr>\n<\/tbody>\n<\/table>\n<h5>P\u011b\u0161\u00ed<\/h5>\n<table style=\"width: 639px;\" border=\"0\" cellspacing=\"0\" cellpadding=\"0\">\n<colgroup>\n<col width=\"88\" \/>\n<col width=\"90\" \/>\n<col width=\"166\" \/>\n<col width=\"202\" \/>\n<col width=\"97\" \/> <\/colgroup>\n<tbody>\n<tr>\n<td style=\"width: 85px;\" height=\"59\">Po\u0159ad\u00ed<\/td>\n<td style=\"width: 89px;\">Startovn\u00ed \u010d\u00edslo<\/td>\n<td style=\"width: 163px;\">T\u00fdm<\/td>\n<td style=\"width: 287px;\">Slo\u017een\u00ed<\/td>\n<td style=\"width: 10px;\">Body<\/td>\n<\/tr>\n<tr>\n<td style=\"width: 85px;\" height=\"24\">1.<\/td>\n<td style=\"width: 89px;\">34<\/td>\n<td style=\"width: 163px;\">\u010cty\u0159kolkaT\u00fdm<\/td>\n<td style=\"width: 287px;\">Michal Tom\u00e1\u0161ek\/Tonda Tom\u00e1\u0161ek<\/td>\n<td style=\"width: 10px;\">664<\/td>\n<\/tr>\n<tr>\n<td style=\"width: 85px;\" height=\"24\">2.<\/td>\n<td style=\"width: 89px;\">56<\/td>\n<td style=\"width: 163px;\">Rohoznick\u00fd Darmo\u0161lap<\/td>\n<td style=\"width: 287px;\">Milo\u0161 K\u0148ourek\/Standa Pet\u0159\u00edk<\/td>\n<td style=\"width: 10px;\">535<\/td>\n<\/tr>\n<tr>\n<td style=\"width: 85px;\" height=\"24\">3.<\/td>\n<td style=\"width: 89px;\">57<\/td>\n<td style=\"width: 163px;\">Kafkovi<\/td>\n<td style=\"width: 287px;\">Jaroslav Kafka\/Marta Kafkov\u00e1<\/td>\n<td style=\"width: 10px;\">485<\/td>\n<\/tr>\n<\/tbody>\n<\/table>\n","protected":false},"excerpt":{"rendered":"<p>[vc_row css=&#8220;.vc_custom_1606500620697{margin-top: -150px !important;}&#8220;][vc_column][vc_column_text][\/vc_column_text][\/vc_column][\/vc_row][vc_row][vc_column][vc_column_text] Mu\u017e &#8211; Mu\u017e Po\u0159ad\u00ed Startovn\u00ed \u010d\u00edslo T\u00fdm Slo\u017een\u00ed Body 1. 1 SusaKuca Radek Su\u0161\u00edr\/Tom\u00e1\u0161 Ku\u010dera 1746 2. 42 Zevl\u00e1ci Martin C\u00edsa\u0159\/Petr Bican 1421 3. 4 BeManiax Madbike Ladislav \u00a0 Kopeck\u00fd\/David Pour 1321 4. 49 N\u00e1hodou se poznali Vladislav \u00a0 Rychtera\/Ond\u0159ej Ko\u017e\u00ed\u0161ek 1285 5. 51 O\u0161kliv\u00e1ci Tom\u00e1\u0161 L\u00e1mr\/L\u00e1\u010fa Fof 1213 6. 44&#8230;<\/p>\n","protected":false},"author":1,"featured_media":0,"parent":0,"menu_order":0,"comment_status":"closed","ping_status":"closed","template":"","meta":{"footnotes":""},"class_list":["post-238","page","type-page","status-publish","hentry"],"_links":{"self":[{"href":"https:\/\/www.scorelauf.cz\/index.php\/wp-json\/wp\/v2\/pages\/238","targetHints":{"allow":["GET"]}}],"collection":[{"href":"https:\/\/www.scorelauf.cz\/index.php\/wp-json\/wp\/v2\/pages"}],"about":[{"href":"https:\/\/www.scorelauf.cz\/index.php\/wp-json\/wp\/v2\/types\/page"}],"author":[{"embeddable":true,"href":"https:\/\/www.scorelauf.cz\/index.php\/wp-json\/wp\/v2\/users\/1"}],"replies":[{"embeddable":true,"href":"https:\/\/www.scorelauf.cz\/index.php\/wp-json\/wp\/v2\/comments?post=238"}],"version-history":[{"count":2,"href":"https:\/\/www.scorelauf.cz\/index.php\/wp-json\/wp\/v2\/pages\/238\/revisions"}],"predecessor-version":[{"id":635,"href":"https:\/\/www.scorelauf.cz\/index.php\/wp-json\/wp\/v2\/pages\/238\/revisions\/635"}],"wp:attachment":[{"href":"https:\/\/www.scorelauf.cz\/index.php\/wp-json\/wp\/v2\/media?parent=238"}],"curies":[{"name":"wp","href":"https:\/\/api.w.org\/{rel}","templated":true}]}}