{"id":905,"date":"2023-02-06T22:46:00","date_gmt":"2023-02-06T21:46:00","guid":{"rendered":"http:\/\/www.scorelauf.cz\/?page_id=905"},"modified":"2023-02-06T22:49:42","modified_gmt":"2023-02-06T21:49:42","slug":"scorelauf-2022","status":"publish","type":"page","link":"https:\/\/www.scorelauf.cz\/index.php\/scorelauf-2022\/","title":{"rendered":"Scorelauf 2022"},"content":{"rendered":"<p>Tradi\u010dn\u011b prvn\u00ed z\u00e1\u0159ijovou sobotu se konal dal\u0161\u00ed ro\u010dn\u00edk Milet\u00ednsk\u00e9ho Scorelaufu, tentokr\u00e1t ji\u017e dev\u00e1t\u00fd. Oproti p\u0159edchoz\u00edm ro\u010dn\u00edk\u016fm do\u0161lo k n\u011bkolika organiza\u010dn\u00edm zm\u011bn\u00e1m. P\u0159edn\u011b se z\u00e1vod stal, z pohledu po\u0159\u00e1d\u00e1n\u00ed, z\u00e1le\u017eitost\u00ed \u010dist\u011b Praskl\u00e9ho \u0159et\u011bzu (odd\u00edl SK Milet\u00edn). Dal\u0161\u00ed v\u00fdznamnou zm\u011bnou bylo p\u0159em\u00edst\u011bn\u00ed jak startu, tak z\u00e1zem\u00ed z\u00e1vodu do autokempu Na vyhl\u00eddce, jeliko\u017e prostory koupali\u0161t\u011b, na kter\u00fdch se podepsal zub \u010dasu, u\u017e na takovou akci nejsou vhodn\u00e9. V pr\u016fb\u011bhu kl\u00e1n\u00ed bylo vid\u011bt, \u017ee \u00fa\u010dastn\u00edci jsou na tento ro\u010dn\u00edk dob\u0159e p\u0159ipraveni a konfrontace s&nbsp;uveden\u00fdmi zm\u011bnami jim ne\u010dinila z\u00e1sadn\u011bj\u0161\u00ed probl\u00e9my.<br \/>\nCo v\u0161ak z\u016fstalo stejn\u00e9 jako minul\u00fd ro\u010dn\u00edk je p\u011bkn\u00e9 po\u010das\u00ed. To se vyda\u0159ilo a po celou dobu kon\u00e1n\u00ed d\u011blalo radost nejen \u00fa\u010dastn\u00edk\u016fm, za kter\u00fdmi se v ter\u00e9nu jen pr\u00e1\u0161ilo, ale i po\u0159adatel\u016fm, kter\u00fdm odpadly komplikace jako: pohyb pl\u00e1\u0161t\u011bnk\u00e1ch, instalace de\u0161tn\u00edk\u016f, vymet\u00e1n\u00ed vody \u010di zast\u0159e\u0161en\u00ed grilu.<br \/>\nV \u010dasov\u00e9m intervalu od 8:00 do 10:00 hodin vyrazilo do ter\u00e9nu celkem 69 p\u0159ihl\u00e1\u0161en\u00fdch p\u00e1r\u016f v kategori\u00edch cyklo, p\u011b\u0161\u00ed a b\u011b\u017eci. V krajin\u011b bylo letos rozm\u00edst\u011bno celkem 75 bod\u016f s tematikou \u201ekameny\u201c \u017div\u00e1 kontrola byla situov\u00e1na v rokli u Milet\u00ednsk\u00fdch l\u00e1zn\u00ed a nab\u00edzela sout\u011b\u017e\u00edc\u00edm mo\u017enost z\u00edskat p\u011bknou d\u00e1vku bod\u016f jak p\u0159i v\u00fdkonnostn\u00ed discipl\u00edn\u011b \u201eskok p\u0159es \u0161vihadlo\u201c, tak p\u0159i t\u00e9 v\u011bdomostn\u00ed, kde si pro n\u011b organiz\u00e1tor p\u0159ipravil nelehk\u00e9 ot\u00e1zky z oblasti mineralogie (nap\u0159. pozn\u00e1v\u00e1n\u00ed nerost\u016f nebo jejich \u0159azen\u00ed dle tvrdosti). Dal\u0161\u00ed discipl\u00edna \u201eodhadov\u00e1n\u00ed hmotnosti\u201c u t\u0159\u00ed r\u016fzn\u011b velk\u00fdch kamen\u016f je te\u010f kv\u00edzem i pro m\u011b, jeliko\u017e t\u00e1pu, zda ji za\u0159adit mezi v\u00fdkonnostn\u00ed, nebo v\u011bdomostn\u00ed.<br \/>\nNicm\u00e9n\u011b sout\u011b\u017e\u00edc\u00ed se s discipl\u00ednami poprali celkem zdatn\u011b a p\u0159i kone\u010dn\u00e9m sou\u010dtu bylo zn\u00e1t, \u017ee se sna\u017eili ve v\u0161ech ohledech. Zvolen\u00e9 t\u00e9ma umo\u017enilo organiz\u00e1tor\u016fm um\u00edstit body op\u011bt na nov\u00e1 m\u00edsta v krajin\u011b. Jednalo se nejen o r\u016fzn\u00e9 sk\u00e1ly, skalky, kamenolomy v p\u0159\u00edrod\u011b, ale i kamenn\u00e9 stavby, z\u00eddky a monumenty v&nbsp;intravil\u00e1nech obc\u00ed.<br \/>\nNa trati se taky p\u0159i zdol\u00e1v\u00e1n\u00ed ne zrovna sj\u00edzdn\u00e9ho nebo pr\u016fchodn\u00e9ho ter\u00e9nu odehr\u00e1la nejedna dramatick\u00e1 situace, soud\u011b v c\u00edli podle \u0161r\u00e1m\u016f od ostru\u017ein\u00ed, \u0161\u00edpk\u016f a kdov\u00edjak\u00e9ho porostu, zanechan\u00fdch na horn\u00edch i doln\u00edch kon\u010detin\u00e1ch n\u011bkolika \u00fa\u010dastn\u00edk\u016f.<br \/>\nCelkov\u00fdmi v\u00edt\u011bzi a v\u00edt\u011bzi v kategorii mu\u017e\/mu\u017e leto\u0161n\u00edho ro\u010dn\u00edku se stal t\u00fdm Etriatlon Team\/Bakako (Radek Su\u0161\u00edr a Martin Fikar) se startovn\u00edm \u010d\u00edslem 7, kter\u00fdm se v \u0161esti hodinov\u00e9m intervalu poda\u0159ilo vyhledat a nasb\u00edrat celkem 1057 bod\u016f.<br \/>\nByl jsem za hled\u00e1\u010dkem fotoapar\u00e1tu p\u0159i dojezdu z\u00e1vodn\u00edk\u016f do c\u00edle a tak\u0159ka u v\u0161ech to bylo takzvan\u011b \u201es \u00fasm\u011bvem na rtu\u201c. Tyto i jin\u00e9 z\u00e1b\u011bry a samoz\u0159ejm\u011b kompletn\u00ed v\u00fdsledky jsou k dispozici na str\u00e1nk\u00e1ch www.scorelauf.cz.<br \/>\nD\u00edky v\u0161em z\u00fa\u010dastn\u011bn\u00fdm za jejich v\u00fdkony a samoz\u0159ejm\u011b taky sponzor\u016fm, kte\u0159\u00ed n\u00e1m umo\u017e\u0148uj\u00ed ud\u011blat z\u00e1vod na ur\u010dit\u00e9 \u00farovni: Kr\u00e1lov\u00e9hradeck\u00e9mu kraji, M\u011bstu Milet\u00edn d\u00e1le firm\u00e1m Uni Roll Czech s.r.o., IKDrinks, Cukr\u00e1rna Erben, KAD spol. s r.o., Pivovarsk\u00e1 zahr\u00e1dka, S.A.M s.r.o., STRAKER s.r.o., KuBAJK.cz, Pells s.r.o. a Koloshop s.r.o.<br \/>\nZa rok v z\u00e1\u0159\u00ed zase na shledanou!<\/p>\n<p>Za www.prasklejretez.cz Breta<\/p>\n<p>Zde m\u00e1te mo\u017enost kouknout jakou trasu zvolili prvn\u00ed t\u0159i mu\u017esk\u00e9 t\u00fdmy<\/p>\n<p>1 &#8211; \u010cerven\u00e1, 2 &#8211; Zelen\u00e1, 3 &#8211; Modr\u00e1<\/p>\n<p><a href=\"http:\/\/www.scorelauf.cz\/wp-content\/uploads\/2022\/09\/Scorelauf-2022-2.jpg\"><img loading=\"lazy\" decoding=\"async\" class=\"alignnone\" src=\"http:\/\/www.scorelauf.cz\/wp-content\/uploads\/2022\/09\/Scorelauf-2022-2.jpg\" alt=\"\" width=\"350\" height=\"269\"><\/a><\/p>\n<p>Odkaz na mapu se zanesen\u00fdmi body pro Scorelauf 2022<\/p>\n<p><img loading=\"lazy\" decoding=\"async\" src=\"http:\/\/www.scorelauf.cz\/wp-content\/uploads\/2022\/09\/Scorelauf-2022.png\" alt=\"Body Scorelauf 2022\" width=\"350\" height=\"350\"><\/p>\n<p>\u0158\u00e1dn\u011b vypln\u011bn\u00fd test ze \u017eiv\u00e9 kontroly<\/p>\n<p><a href=\"http:\/\/www.scorelauf.cz\/wp-content\/uploads\/2022\/09\/Ziva-kontrola-Scorelauf-2022-01.jpg\"><img loading=\"lazy\" decoding=\"async\" src=\"http:\/\/www.scorelauf.cz\/wp-content\/uploads\/2022\/09\/Ziva-kontrola-Scorelauf-2022-01.jpg\" alt=\"\" width=\"350\" height=\"495\"><\/a> <a href=\"http:\/\/www.scorelauf.cz\/wp-content\/uploads\/2022\/09\/Ziva-kontrola-Scorelauf-2022-02.jpg\"><img loading=\"lazy\" decoding=\"async\" src=\"http:\/\/www.scorelauf.cz\/wp-content\/uploads\/2022\/09\/Ziva-kontrola-Scorelauf-2022-02.jpg\" alt=\"\" width=\"350\" height=\"495\"><\/a><img decoding=\"async\" src=\"http:\/\/www.scorelauf.cz\/wp-content\/uploads\/2022\/09\/ziva-kontrola-scorelauf-spravne.pdf\" alt=\"\" width=\"400\"><\/p>\n","protected":false},"excerpt":{"rendered":"<p>Tradi\u010dn\u011b prvn\u00ed z\u00e1\u0159ijovou sobotu se konal dal\u0161\u00ed ro\u010dn\u00edk Milet\u00ednsk\u00e9ho Scorelaufu, tentokr\u00e1t ji\u017e dev\u00e1t\u00fd. Oproti p\u0159edchoz\u00edm ro\u010dn\u00edk\u016fm do\u0161lo k n\u011bkolika organiza\u010dn\u00edm zm\u011bn\u00e1m. P\u0159edn\u011b se z\u00e1vod stal, z pohledu po\u0159\u00e1d\u00e1n\u00ed, z\u00e1le\u017eitost\u00ed \u010dist\u011b Praskl\u00e9ho \u0159et\u011bzu (odd\u00edl SK Milet\u00edn). Dal\u0161\u00ed v\u00fdznamnou zm\u011bnou bylo p\u0159em\u00edst\u011bn\u00ed jak startu, tak z\u00e1zem\u00ed z\u00e1vodu do autokempu Na vyhl\u00eddce, jeliko\u017e prostory koupali\u0161t\u011b, na kter\u00fdch se&#8230;<\/p>\n","protected":false},"author":1,"featured_media":924,"parent":0,"menu_order":0,"comment_status":"closed","ping_status":"closed","template":"","meta":{"footnotes":""},"class_list":["post-905","page","type-page","status-publish","has-post-thumbnail","hentry"],"_links":{"self":[{"href":"https:\/\/www.scorelauf.cz\/index.php\/wp-json\/wp\/v2\/pages\/905","targetHints":{"allow":["GET"]}}],"collection":[{"href":"https:\/\/www.scorelauf.cz\/index.php\/wp-json\/wp\/v2\/pages"}],"about":[{"href":"https:\/\/www.scorelauf.cz\/index.php\/wp-json\/wp\/v2\/types\/page"}],"author":[{"embeddable":true,"href":"https:\/\/www.scorelauf.cz\/index.php\/wp-json\/wp\/v2\/users\/1"}],"replies":[{"embeddable":true,"href":"https:\/\/www.scorelauf.cz\/index.php\/wp-json\/wp\/v2\/comments?post=905"}],"version-history":[{"count":8,"href":"https:\/\/www.scorelauf.cz\/index.php\/wp-json\/wp\/v2\/pages\/905\/revisions"}],"predecessor-version":[{"id":993,"href":"https:\/\/www.scorelauf.cz\/index.php\/wp-json\/wp\/v2\/pages\/905\/revisions\/993"}],"wp:featuredmedia":[{"embeddable":true,"href":"https:\/\/www.scorelauf.cz\/index.php\/wp-json\/wp\/v2\/media\/924"}],"wp:attachment":[{"href":"https:\/\/www.scorelauf.cz\/index.php\/wp-json\/wp\/v2\/media?parent=905"}],"curies":[{"name":"wp","href":"https:\/\/api.w.org\/{rel}","templated":true}]}}